{"id":250,"date":"2021-05-05T20:55:23","date_gmt":"2021-05-05T17:55:23","guid":{"rendered":"https:\/\/k5.cbrid.net\/aanon\/?page_id=250"},"modified":"2023-09-15T17:45:35","modified_gmt":"2023-09-15T14:45:35","slug":"anoniminiai-alkoholikai","status":"publish","type":"page","link":"https:\/\/www.aalietuvoje.org\/siauliai\/","title":{"rendered":"anoniminiai alkoholikai"},"content":{"rendered":"\t\t<div data-elementor-type=\"wp-page\" data-elementor-id=\"250\" class=\"elementor elementor-250\" data-elementor-settings=\"[]\">\n\t\t\t\t\t\t\t<div class=\"elementor-section-wrap\">\n\t\t\t\t\t\t\t<section class=\"elementor-section elementor-top-section elementor-element elementor-element-dfd6ab5 elementor-section-height-full elementor-section-stretched elementor-hidden-phone elementor-section-boxed elementor-section-height-default elementor-section-items-middle\" data-id=\"dfd6ab5\" data-element_type=\"section\" data-settings=\"{&quot;background_background&quot;:&quot;slideshow&quot;,&quot;background_slideshow_gallery&quot;:[{&quot;id&quot;:731,&quot;url&quot;:&quot;https:\\\/\\\/www.aalietuvoje.org\\\/wp-content\\\/uploads\\\/2-1.jpeg&quot;},{&quot;id&quot;:286,&quot;url&quot;:&quot;https:\\\/\\\/www.aalietuvoje.org\\\/wp-content\\\/uploads\\\/aa-lietuvoje-anoniminiai-alkoholikai-aa.jpeg&quot;},{&quot;id&quot;:730,&quot;url&quot;:&quot;https:\\\/\\\/www.aalietuvoje.org\\\/wp-content\\\/uploads\\\/3-1.jpeg&quot;},{&quot;id&quot;:729,&quot;url&quot;:&quot;https:\\\/\\\/www.aalietuvoje.org\\\/wp-content\\\/uploads\\\/1-1.jpeg&quot;}],&quot;background_slideshow_ken_burns&quot;:&quot;yes&quot;,&quot;stretch_section&quot;:&quot;section-stretched&quot;,&quot;shape_divider_bottom&quot;:&quot;tilt&quot;,&quot;background_slideshow_loop&quot;:&quot;yes&quot;,&quot;background_slideshow_slide_duration&quot;:5000,&quot;background_slideshow_slide_transition&quot;:&quot;fade&quot;,&quot;background_slideshow_transition_duration&quot;:500,&quot;background_slideshow_ken_burns_zoom_direction&quot;:&quot;in&quot;}\">\n\t\t\t\t\t<div class=\"elementor-shape elementor-shape-bottom\" data-negative=\"false\">\n\t\t\t<svg xmlns=\"http:\/\/www.w3.org\/2000\/svg\" viewBox=\"0 0 1000 100\" preserveAspectRatio=\"none\">\n\t<path class=\"elementor-shape-fill\" d=\"M0,6V0h1000v100L0,6z\"\/>\n<\/svg>\t\t<\/div>\n\t\t\t\t\t<div class=\"elementor-container elementor-column-gap-no\">\n\t\t\t\t\t<div class=\"elementor-column elementor-col-100 elementor-top-column elementor-element elementor-element-a0614ad\" data-id=\"a0614ad\" data-element_type=\"column\">\n\t\t\t<div class=\"elementor-widget-wrap elementor-element-populated\">\n\t\t\t\t\t\t\t\t<section class=\"elementor-section elementor-inner-section elementor-element elementor-element-962a1bc elementor-section-boxed elementor-section-height-default elementor-section-height-default\" data-id=\"962a1bc\" data-element_type=\"section\">\n\t\t\t\t\t\t<div class=\"elementor-container elementor-column-gap-default\">\n\t\t\t\t\t<div class=\"elementor-column elementor-col-33 elementor-inner-column elementor-element elementor-element-6f34617\" data-id=\"6f34617\" data-element_type=\"column\" data-settings=\"{&quot;background_background&quot;:&quot;classic&quot;}\">\n\t\t\t<div class=\"elementor-widget-wrap elementor-element-populated\">\n\t\t\t\t\t\t\t\t<div class=\"elementor-element elementor-element-e2a8056 elementor-widget elementor-widget-image\" data-id=\"e2a8056\" data-element_type=\"widget\" data-widget_type=\"image.default\">\n\t\t\t\t<div class=\"elementor-widget-container\">\n\t\t\t\t\t\t\t\t\t\t\t\t<figure class=\"wp-caption\">\n\t\t\t\t\t\t\t\t\t\t<img decoding=\"async\" src=\"https:\/\/www.aalietuvoje.org\/wp-content\/uploads\/Siauliu.png\" title=\"\" alt=\"\" \/>\t\t\t\t\t\t\t\t\t\t\t<figcaption class=\"widget-image-caption wp-caption-text\">\u0160iauli\u0173 intergrup\u0117<\/figcaption>\n\t\t\t\t\t\t\t\t\t\t<\/figure>\n\t\t\t\t\t\t\t\t\t<\/div>\n\t\t\t\t<\/div>\n\t\t\t\t\t<\/div>\n\t\t<\/div>\n\t\t\t\t<div class=\"elementor-column elementor-col-66 elementor-inner-column elementor-element elementor-element-5766378\" data-id=\"5766378\" data-element_type=\"column\" data-settings=\"{&quot;background_background&quot;:&quot;classic&quot;}\">\n\t\t\t<div class=\"elementor-widget-wrap elementor-element-populated\">\n\t\t\t\t\t\t\t\t<div class=\"elementor-element elementor-element-6a30858 elementor-widget elementor-widget-text-editor\" data-id=\"6a30858\" data-element_type=\"widget\" data-widget_type=\"text-editor.default\">\n\t\t\t\t<div class=\"elementor-widget-container\">\n\t\t\t\t\t\t\t<p>Jungia \u0160iauli\u0173 miesto ir rajono; Akmen\u0117s, Joni\u0161kio, Kelm\u0117s, Pakruojo, Radvili\u0161kio, Raseini\u0173, rajon\u0173 AA grupes.<\/p><p><b>Intergrup\u0117s tarnybos kontaktai:<br \/><\/b>Pagalbos tel.: +370 618 81004<br \/>Intergrup\u0117s tarnybos el. pa\u0161tas: siauliuregionas@gmail.com<\/p>\t\t\t\t\t\t<\/div>\n\t\t\t\t<\/div>\n\t\t\t\t\t<\/div>\n\t\t<\/div>\n\t\t\t\t\t\t\t<\/div>\n\t\t<\/section>\n\t\t\t\t\t<\/div>\n\t\t<\/div>\n\t\t\t\t\t\t\t<\/div>\n\t\t<\/section>\n\t\t\t\t<section class=\"elementor-section elementor-top-section elementor-element elementor-element-091b62b elementor-section-stretched elementor-hidden-desktop elementor-hidden-tablet elementor-section-boxed elementor-section-height-default elementor-section-height-default\" data-id=\"091b62b\" data-element_type=\"section\" data-settings=\"{&quot;stretch_section&quot;:&quot;section-stretched&quot;,&quot;background_background&quot;:&quot;classic&quot;}\">\n\t\t\t\t\t\t<div class=\"elementor-container elementor-column-gap-default\">\n\t\t\t\t\t<div class=\"elementor-column elementor-col-50 elementor-top-column elementor-element elementor-element-c7c2ff2\" data-id=\"c7c2ff2\" data-element_type=\"column\">\n\t\t\t<div class=\"elementor-widget-wrap elementor-element-populated\">\n\t\t\t\t\t\t\t\t<div class=\"elementor-element elementor-element-0d0ed9e elementor-widget elementor-widget-image\" data-id=\"0d0ed9e\" data-element_type=\"widget\" data-widget_type=\"image.default\">\n\t\t\t\t<div class=\"elementor-widget-container\">\n\t\t\t\t\t\t\t\t\t\t\t\t<figure class=\"wp-caption\">\n\t\t\t\t\t\t\t\t\t\t<img decoding=\"async\" src=\"https:\/\/www.aalietuvoje.org\/wp-content\/uploads\/Siauliu.png\" title=\"\" alt=\"\" \/>\t\t\t\t\t\t\t\t\t\t\t<figcaption class=\"widget-image-caption wp-caption-text\">\u0160iauli\u0173 intergrup\u0117<\/figcaption>\n\t\t\t\t\t\t\t\t\t\t<\/figure>\n\t\t\t\t\t\t\t\t\t<\/div>\n\t\t\t\t<\/div>\n\t\t\t\t\t<\/div>\n\t\t<\/div>\n\t\t\t\t<div class=\"elementor-column elementor-col-50 elementor-top-column elementor-element elementor-element-5822e17\" data-id=\"5822e17\" data-element_type=\"column\">\n\t\t\t<div class=\"elementor-widget-wrap elementor-element-populated\">\n\t\t\t\t\t\t\t\t<div class=\"elementor-element elementor-element-eb7dc25 elementor-widget elementor-widget-text-editor\" data-id=\"eb7dc25\" data-element_type=\"widget\" data-widget_type=\"text-editor.default\">\n\t\t\t\t<div class=\"elementor-widget-container\">\n\t\t\t\t\t\t\t<p>Jungia \u0160iauli\u0173 miesto ir rajono; Akmen\u0117s, Joni\u0161kio, Kelm\u0117s, Pakruojo, Radvili\u0161kio, Raseini\u0173, rajon\u0173 AA grupes.<\/p><p><b>Intergrup\u0117s tarnybos kontaktai:<br \/><\/b>Pagalbos tel.: +370 618 81004<br \/>Regiono tarnybos el. pa\u0161tas: siauliuregionas@gmail.com<\/p>\t\t\t\t\t\t<\/div>\n\t\t\t\t<\/div>\n\t\t\t\t\t<\/div>\n\t\t<\/div>\n\t\t\t\t\t\t\t<\/div>\n\t\t<\/section>\n\t\t\t\t\t\t<\/div>\n\t\t\t\t\t<\/div>\n\t\t","protected":false},"excerpt":{"rendered":"<p>\u0160iauli\u0173 intergrup\u0117 Jungia \u0160iauli\u0173 miesto ir rajono; Akmen\u0117s, Joni\u0161kio, Kelm\u0117s, Pakruojo, Radvili\u0161kio, Raseini\u0173, rajon\u0173 AA grupes. Intergrup\u0117s tarnybos kontaktai:Pagalbos tel.: +370 618 81004Intergrup\u0117s tarnybos el. pa\u0161tas: siauliuregionas@gmail.com \u0160iauli\u0173 intergrup\u0117 Jungia \u0160iauli\u0173 miesto ir rajono; Akmen\u0117s, Joni\u0161kio, Kelm\u0117s, Pakruojo, Radvili\u0161kio, Raseini\u0173, rajon\u0173 AA grupes. Intergrup\u0117s tarnybos kontaktai:Pagalbos tel.: +370 618 81004Regiono tarnybos el. pa\u0161tas: siauliuregionas@gmail.com<\/p>\n","protected":false},"author":1,"featured_media":0,"parent":0,"menu_order":0,"comment_status":"closed","ping_status":"closed","template":"","meta":[],"_links":{"self":[{"href":"https:\/\/www.aalietuvoje.org\/siauliai\/wp-json\/wp\/v2\/pages\/250"}],"collection":[{"href":"https:\/\/www.aalietuvoje.org\/siauliai\/wp-json\/wp\/v2\/pages"}],"about":[{"href":"https:\/\/www.aalietuvoje.org\/siauliai\/wp-json\/wp\/v2\/types\/page"}],"author":[{"embeddable":true,"href":"https:\/\/www.aalietuvoje.org\/siauliai\/wp-json\/wp\/v2\/users\/1"}],"replies":[{"embeddable":true,"href":"https:\/\/www.aalietuvoje.org\/siauliai\/wp-json\/wp\/v2\/comments?post=250"}],"version-history":[{"count":689,"href":"https:\/\/www.aalietuvoje.org\/siauliai\/wp-json\/wp\/v2\/pages\/250\/revisions"}],"predecessor-version":[{"id":2287,"href":"https:\/\/www.aalietuvoje.org\/siauliai\/wp-json\/wp\/v2\/pages\/250\/revisions\/2287"}],"wp:attachment":[{"href":"https:\/\/www.aalietuvoje.org\/siauliai\/wp-json\/wp\/v2\/media?parent=250"}],"curies":[{"name":"wp","href":"https:\/\/api.w.org\/{rel}","templated":true}]}}